{"id":280,"date":"2024-06-17T10:37:19","date_gmt":"2024-06-17T10:37:19","guid":{"rendered":"http:\/\/aiguaneix.vl25590.dinaserver.com\/recursos\/"},"modified":"2026-03-26T16:52:57","modified_gmt":"2026-03-26T16:52:57","slug":"recursos","status":"publish","type":"page","link":"https:\/\/aiguaneix.cacbgi.cat\/es\/recursos\/","title":{"rendered":"Recursos"},"content":{"rendered":"\n<p>Para conocer mejor el proyecto AIGUANEIX, se ofrecen contenidos escritos y audiovisuales divulgativos que facilitan la comprensi\u00f3n del proceso de purificaci\u00f3n del agua, por qu\u00e9 se realiza y qu\u00e9 beneficios puede aportar a la sociedad.<\/p>\n","protected":false},"excerpt":{"rendered":"<p>Para conocer mejor el proyecto AIGUANEIX, se ofrecen contenidos escritos y audiovisuales divulgativos que facilitan la comprensi\u00f3n del proceso de [&hellip;]<\/p>\n","protected":false},"author":1,"featured_media":178,"parent":0,"menu_order":0,"comment_status":"closed","ping_status":"closed","template":"templates\/template-recursos.php","meta":{"_acf_changed":false,"footnotes":""},"class_list":["post-280","page","type-page","status-publish","has-post-thumbnail","hentry"],"acf":[],"_links":{"self":[{"href":"https:\/\/aiguaneix.cacbgi.cat\/es\/wp-json\/wp\/v2\/pages\/280","targetHints":{"allow":["GET"]}}],"collection":[{"href":"https:\/\/aiguaneix.cacbgi.cat\/es\/wp-json\/wp\/v2\/pages"}],"about":[{"href":"https:\/\/aiguaneix.cacbgi.cat\/es\/wp-json\/wp\/v2\/types\/page"}],"author":[{"embeddable":true,"href":"https:\/\/aiguaneix.cacbgi.cat\/es\/wp-json\/wp\/v2\/users\/1"}],"replies":[{"embeddable":true,"href":"https:\/\/aiguaneix.cacbgi.cat\/es\/wp-json\/wp\/v2\/comments?post=280"}],"version-history":[{"count":18,"href":"https:\/\/aiguaneix.cacbgi.cat\/es\/wp-json\/wp\/v2\/pages\/280\/revisions"}],"predecessor-version":[{"id":1030,"href":"https:\/\/aiguaneix.cacbgi.cat\/es\/wp-json\/wp\/v2\/pages\/280\/revisions\/1030"}],"wp:featuredmedia":[{"embeddable":true,"href":"https:\/\/aiguaneix.cacbgi.cat\/es\/wp-json\/wp\/v2\/media\/178"}],"wp:attachment":[{"href":"https:\/\/aiguaneix.cacbgi.cat\/es\/wp-json\/wp\/v2\/media?parent=280"}],"curies":[{"name":"wp","href":"https:\/\/api.w.org\/{rel}","templated":true}]}}