{"id":222,"date":"2024-06-13T07:46:41","date_gmt":"2024-06-13T07:46:41","guid":{"rendered":"http:\/\/aiguaneix.local\/sample-page\/"},"modified":"2024-09-30T08:37:13","modified_gmt":"2024-09-30T08:37:13","slug":"sample-page","status":"publish","type":"page","link":"https:\/\/aiguaneix.cacbgi.cat\/es\/","title":{"rendered":"Inicio"},"content":{"rendered":"\n<p>El proyecto AIGUANEIX consta de varias fases, que incluyen la construcci\u00f3n e instalaci\u00f3n de la nueva planta piloto, la experimentaci\u00f3n y la presentaci\u00f3n de resultados y conclusiones.<\/p>\n","protected":false},"excerpt":{"rendered":"<p>El proyecto AIGUANEIX consta de varias fases, que incluyen la construcci\u00f3n e instalaci\u00f3n de la nueva planta piloto, la experimentaci\u00f3n [&hellip;]<\/p>\n","protected":false},"author":1,"featured_media":0,"parent":0,"menu_order":0,"comment_status":"closed","ping_status":"open","template":"templates\/template-home.php","meta":{"_acf_changed":false,"footnotes":""},"class_list":["post-222","page","type-page","status-publish","hentry"],"acf":[],"_links":{"self":[{"href":"https:\/\/aiguaneix.cacbgi.cat\/es\/wp-json\/wp\/v2\/pages\/222","targetHints":{"allow":["GET"]}}],"collection":[{"href":"https:\/\/aiguaneix.cacbgi.cat\/es\/wp-json\/wp\/v2\/pages"}],"about":[{"href":"https:\/\/aiguaneix.cacbgi.cat\/es\/wp-json\/wp\/v2\/types\/page"}],"author":[{"embeddable":true,"href":"https:\/\/aiguaneix.cacbgi.cat\/es\/wp-json\/wp\/v2\/users\/1"}],"replies":[{"embeddable":true,"href":"https:\/\/aiguaneix.cacbgi.cat\/es\/wp-json\/wp\/v2\/comments?post=222"}],"version-history":[{"count":6,"href":"https:\/\/aiguaneix.cacbgi.cat\/es\/wp-json\/wp\/v2\/pages\/222\/revisions"}],"predecessor-version":[{"id":548,"href":"https:\/\/aiguaneix.cacbgi.cat\/es\/wp-json\/wp\/v2\/pages\/222\/revisions\/548"}],"wp:attachment":[{"href":"https:\/\/aiguaneix.cacbgi.cat\/es\/wp-json\/wp\/v2\/media?parent=222"}],"curies":[{"name":"wp","href":"https:\/\/api.w.org\/{rel}","templated":true}]}}