{"id":281,"date":"2024-06-18T07:24:19","date_gmt":"2024-06-18T07:24:19","guid":{"rendered":"http:\/\/aiguaneix.vl25590.dinaserver.com\/qui-som\/"},"modified":"2024-09-26T10:09:39","modified_gmt":"2024-09-26T10:09:39","slug":"qui-som","status":"publish","type":"page","link":"https:\/\/aiguaneix.cacbgi.cat\/en\/qui-som\/","title":{"rendered":"About us"},"content":{"rendered":"\n<p>The AIGUANEIX project is funded, led and coordinated by the Consorci d\u2019Aig\u00fces Costa Brava Girona (Costa Brava Girona Water Consortium) and the Diputaci\u00f3 de Girona (Girona Provincial Council), in collaboration with the Ag\u00e8ncia Catalana de l\u2019Aigua (Catalan Water Agency).<\/p>\n\n\n\n<p>The project is implemented by the winners of the tender process:<\/p>\n\n\n\n<ul class=\"wp-block-list\">\n<li>Societat General d\u2019Aig\u00fces de Barcelona, S.A.U. is responsible for supervising the construction and maintenance of the pilot plant.<\/li>\n\n\n\n<li>The Institut Catal\u00e0 de Recerca de l\u2019Aigua (Catalan Water Research Institute) is the project\u2019s scientific director and is responsible for controlling the quality of the experimental activities.<\/li>\n\n\n\n<li>Anthesis is in charge of communication and information activities designed to raise awareness of the project.<\/li>\n\n\n\n<li>Enginyeria Energ\u00e8tica Gironina, S.L. is responsible for managing the construction work.<\/li>\n\n\n\n<li>UTE Transparenta Sanejament Costa Brava, as the managing company of the Roses WWTP, in charge of the experimental operation of the pilot plant.<\/li>\n<\/ul>\n","protected":false},"excerpt":{"rendered":"<p>The AIGUANEIX project is funded, led and coordinated by the Consorci d\u2019Aig\u00fces Costa Brava Girona (Costa Brava Girona Water Consortium) [&hellip;]<\/p>\n","protected":false},"author":1,"featured_media":0,"parent":0,"menu_order":0,"comment_status":"closed","ping_status":"closed","template":"templates\/template-qui-som.php","meta":{"_acf_changed":false,"footnotes":""},"class_list":["post-281","page","type-page","status-publish","hentry"],"acf":[],"_links":{"self":[{"href":"https:\/\/aiguaneix.cacbgi.cat\/en\/wp-json\/wp\/v2\/pages\/281","targetHints":{"allow":["GET"]}}],"collection":[{"href":"https:\/\/aiguaneix.cacbgi.cat\/en\/wp-json\/wp\/v2\/pages"}],"about":[{"href":"https:\/\/aiguaneix.cacbgi.cat\/en\/wp-json\/wp\/v2\/types\/page"}],"author":[{"embeddable":true,"href":"https:\/\/aiguaneix.cacbgi.cat\/en\/wp-json\/wp\/v2\/users\/1"}],"replies":[{"embeddable":true,"href":"https:\/\/aiguaneix.cacbgi.cat\/en\/wp-json\/wp\/v2\/comments?post=281"}],"version-history":[{"count":8,"href":"https:\/\/aiguaneix.cacbgi.cat\/en\/wp-json\/wp\/v2\/pages\/281\/revisions"}],"predecessor-version":[{"id":459,"href":"https:\/\/aiguaneix.cacbgi.cat\/en\/wp-json\/wp\/v2\/pages\/281\/revisions\/459"}],"wp:attachment":[{"href":"https:\/\/aiguaneix.cacbgi.cat\/en\/wp-json\/wp\/v2\/media?parent=281"}],"curies":[{"name":"wp","href":"https:\/\/api.w.org\/{rel}","templated":true}]}}